{"id":30279,"date":"2026-01-20T17:16:18","date_gmt":"2026-01-20T17:16:18","guid":{"rendered":"https:\/\/webdev.accept.pt\/demo-request\/"},"modified":"2026-03-02T14:28:17","modified_gmt":"2026-03-02T14:28:17","slug":"demo-request","status":"publish","type":"page","link":"https:\/\/webdev.accept.pt\/en\/demo-request\/","title":{"rendered":"Demo request"},"content":{"rendered":"<div class=\"et_d4_element et_pb_section et_pb_section_0 et_pb_section_parallax et_pb_with_background  et_pb_css_mix_blend_mode et_section_regular et_block_section\" >\n\t\t\t\t\n\t\t\t\t<span class=\"et_parallax_bg_wrap et-pb-parallax-wrapper\"><span\n\t\t\t\t\t\tclass=\"et_parallax_bg et_pb_parallax_css et_parallax_bg--et_pb_section_0\"\n\t\t\t\t\t\tstyle=\"background-image: url(https:\/\/webdev.accept.pt\/wp-content\/uploads\/2026\/01\/waves_darknobg-scaled.png);\"\n\t\t\t\t\t><\/span><\/span>\n\t\t\t\t\n\t\t\t\t\n\t\t\t\t\n\t\t\t\t\n\t\t\t\t<div class=\"et_d4_element et_pb_row et_pb_row_0 et_pb_equal_columns et_pb_gutters2  et_pb_css_mix_blend_mode et_block_row\">\n\t\t\t\t<div class=\"et_d4_element et_pb_column_2_5 et_pb_column et_pb_column_0  et_pb_css_mix_blend_mode et_block_column\">\n\t\t\t\t\n\t\t\t\t\n\t\t\t\t\n\t\t\t\t\n\t\t\t\t<div class=\"et_pb_module et_d4_element et_pb_text et_pb_text_0  et_pb_text_align_left et_pb_bg_layout_light\">\n\t\t\t\t\n\t\t\t\t\n\t\t\t\t\n\t\t\t\t\n\t\t\t\t<div class=\"et_pb_text_inner\"><h1>Schedule <span style=\"color: #ffffff;\">a demo<\/span><\/h1><\/div>\n\t\t\t<\/div><div class=\"et_pb_module et_d4_element ba_alert ba_alert_0\">\n\t\t\t\t\n\t\t\t\t\n\t\t\t\t\n\t\t\t\t\n\t\t\t\t\n\t\t\t\t\n\t\t\t\t<div class=\"et_pb_module_inner\">\n\t\t\t\t\t<div class=\"dtq-module dtq-alert dtq-alert-warning\">\n\t\t\t\t<div class=\"dtq-alert-icon\">\n\t\t\t\t\t\t<i class=\"dtq-et-icon dtq-alert-icon-inner\">&#xe00e;<\/i>\n\t\t\t\t\t<\/div>\n\t\t\t\t<div class=\"dtq-alert-content\">\n\t\t\t\t\t<h5 class=\"dtq-alert-title\">Practical demonstration of the ACCEPT platform<\/h5> <div class=\"dtq-alert-desc\">\n<p>Veja como o ACCEPT \u00e9 utilizado no ch\u00e3o de f\u00e1brica para registar dados, acompanhar processos e apoiar decis\u00f5es com base em informa\u00e7\u00e3o fi\u00e1vel.<\/p><\/div>\n\t\t\t\t<\/div>\n\t\t\t\t\n            <\/div>\n\t\t\t\t<\/div>\n\t\t\t<\/div><div class=\"et_pb_module et_d4_element ba_alert ba_alert_1\">\n\t\t\t\t\n\t\t\t\t\n\t\t\t\t\n\t\t\t\t\n\t\t\t\t\n\t\t\t\t\n\t\t\t\t<div class=\"et_pb_module_inner\">\n\t\t\t\t\t<div class=\"dtq-module dtq-alert dtq-alert-warning\">\n\t\t\t\t<div class=\"dtq-alert-icon\">\n\t\t\t\t\t\t<i class=\"dtq-et-icon dtq-alert-icon-inner\">&#xf275;<\/i>\n\t\t\t\t\t<\/div>\n\t\t\t\t<div class=\"dtq-alert-content\">\n\t\t\t\t\t<h5 class=\"dtq-alert-title\">Exemplos aplicados ao seu contexto industrial<\/h5> <div class=\"dtq-alert-desc\">\n<p>Conhe\u00e7a casos reais de utiliza\u00e7\u00e3o em setores como o seu e perceba como o ACCEPT responde aos desafios da qualidade, efici\u00eancia, rastreabilidade ou energia.<\/p><\/div>\n\t\t\t\t<\/div>\n\t\t\t\t\n            <\/div>\n\t\t\t\t<\/div>\n\t\t\t<\/div><div class=\"et_pb_module et_d4_element ba_alert ba_alert_2\">\n\t\t\t\t\n\t\t\t\t\n\t\t\t\t\n\t\t\t\t\n\t\t\t\t\n\t\t\t\t\n\t\t\t\t<div class=\"et_pb_module_inner\">\n\t\t\t\t\t<div class=\"dtq-module dtq-alert dtq-alert-warning\">\n\t\t\t\t<div class=\"dtq-alert-icon\">\n\t\t\t\t\t\t<i class=\"dtq-et-icon dtq-alert-icon-inner\">&#xe0df;<\/i>\n\t\t\t\t\t<\/div>\n\t\t\t\t<div class=\"dtq-alert-content\">\n\t\t\t\t\t<h5 class=\"dtq-alert-title\">Pr\u00f3ximos passos e enquadramento do projeto<\/h5> <div class=\"dtq-alert-desc\">\n<p>Entenda como o ACCEPT pode ser aplicado na sua opera\u00e7\u00e3o e esclare\u00e7a todas as quest\u00f5es sobre funcionamento, integra\u00e7\u00e3o e implementa\u00e7\u00e3o.<\/p><\/div>\n\t\t\t\t<\/div>\n\t\t\t\t\n            <\/div>\n\t\t\t\t<\/div>\n\t\t\t<\/div>\n\t\t\t<\/div><div class=\"et_d4_element et_pb_column_3_5 et_pb_column et_pb_column_1  et_pb_css_mix_blend_mode et-last-child et_block_column\">\n\t\t\t\t\n\t\t\t\t\n\t\t\t\t\n\t\t\t\t\n\t\t\t\t<div class=\"et_pb_module et_d4_element et_pb_code et_pb_code_0\">\n\t\t\t\t\n\t\t\t\t\n\t\t\t\t\n\t\t\t\t\n\t\t\t\t<div class=\"et_pb_code_inner\"><div class=\"toggle-buttons\">\n  <button id=\"formBtn\" class=\"toggleBtn active\">\n    <strong>Contact request<\/strong>\n  <\/button>\n  <button id=\"scheduleBtn\" class=\"toggleBtn\">\n    <strong>Make an appointment<\/strong>\n  <\/button>\n<\/div>\n\n<script defer async=\"\">\n  $(document).ready(function () {\n  \t  const formBtn = $(\"#formBtn\");\n    \tconst scheduleBtn = $(\"#scheduleBtn\");\n    \t\n    \tconst formContent = $(\"#formContent\");\n    \tconst scheduleContent = $(\"#scheduleContent\");\n    \tscheduleContent.hide();\n    \n    \tformBtn.on(\"click\", function (event) {\n        \n        if ($(\"#formBtn\").hasClass(\"active\")) {\n          return;\n        }\n        formBtn.addClass(\"active\");\n        scheduleBtn.removeClass(\"active\");\n        scheduleContent.hide();\n        formContent.show();\n      })\n    \n      scheduleBtn.on(\"click\", function (event) {\n        if ($(\"#scheduleBtn\").hasClass(\"active\")) {\n          return;\n        }\n        scheduleBtn.addClass(\"active\");\n        formBtn.removeClass(\"active\");\n        scheduleContent.show();\n        formContent.hide();\n      })\n    \t\n  });\n<\/script><\/div>\n\t\t\t<\/div><div id=\"formContent\" class=\"et_pb_module et_d4_element et_pb_code et_pb_code_1\">\n\t\t\t\t\n\t\t\t\t\n\t\t\t\t\n\t\t\t\t\n\t\t\t\t<div class=\"et_pb_code_inner\">\n  <strong>Leave us your contact details and describe your objective.<\/strong>  Our team analyzes the context and gets in touch to align the best approach and next steps.\n\n<div id=\"zf_div_4bNcNpNtNlXAPemAWLPF5RD8NkM2B3GZjx0JxEfe8wc\">\n<\/div>\n<script type=\"text\/javascript\">\n(function() {\n\ttry{\n\t\tvar f = document.createElement(\"iframe\");\n\t\t\n\t\t\tvar ifrmSrc = 'https:\/\/forms.zohopublic.eu\/accept\/form\/AgendarDemonstrao\/formperma\/4bNcNpNtNlXAPemAWLPF5RD8NkM2B3GZjx0JxEfe8wc?zf_rszfm=1';\n\t\t\n\t\t\n        try{\n\t\t\tif ( typeof ZFAdvLead != \"undefined\" && typeof zfutm_zfAdvLead != \"undefined\" ) {\n\t\t\t\tfor( var prmIdx = 0 ; prmIdx < ZFAdvLead.utmPNameArr.length ; prmIdx ++ ) {\t\t\t\t    var utmPm = ZFAdvLead.utmPNameArr[ prmIdx ];\t\t\t\t    utmPm = ( ZFAdvLead.isSameDomian && ( ZFAdvLead.utmcustPNameArr.indexOf(utmPm) == -1 ) ) ? \"zf_\" + utmPm : utmPm;\t\t\t\t    var utmVal = zfutm_zfAdvLead.zfautm_gC_enc( ZFAdvLead.utmPNameArr[ prmIdx ] );\t\t\t\t    if ( typeof utmVal !== \"undefined\" ) {\t\t\t\t      if ( utmVal != \"\" ) {\t\t\t\t        if(ifrmSrc.indexOf('?') > 0){\n\t\t\t\t             ifrmSrc = ifrmSrc+'&'+utmPm+'='+utmVal;\n\t\t\t\t        }else{\n\t\t\t\t            ifrmSrc = ifrmSrc+'?'+utmPm+'='+utmVal;\n\t\t\t\t        }\n\t\t\t\t      }\n\t\t\t\t    }\n\t\t\t\t}\n\t\t\t}\n\t\t\tif ( typeof ZFLead !== \"undefined\" && typeof zfutm_zfLead !== \"undefined\" ) {\n\t\t\t\tfor( var prmIdx = 0 ; prmIdx < ZFLead.utmPNameArr.length ; prmIdx ++ ) {\t\t        \tvar utmPm = ZFLead.utmPNameArr[ prmIdx ];\t\t        \tvar utmVal = zfutm_zfLead.zfutm_gC_enc( ZFLead.utmPNameArr[ prmIdx ] );\t\t\t        if ( typeof utmVal !== \"undefined\" ) {\t\t\t          if ( utmVal != \"\" ){\t\t\t            if(ifrmSrc.indexOf('?') > 0){\n\t\t\t              ifrmSrc = ifrmSrc+'&'+utmPm+'='+utmVal;\/\/No I18N\n\t\t\t            }else{\n\t\t\t              ifrmSrc = ifrmSrc+'?'+utmPm+'='+utmVal;\/\/No I18N\n\t\t\t            }\n\t\t\t          }\n\t\t\t        }\n\t\t      \t}\n\t\t\t}\n\t\t}catch(e){}\n\t\t\n\t\tf.src = ifrmSrc;\n\t\tf.style.border=\"none\";\n\t\tf.style.height=\"1000px\";\n\t\tf.style.width=\"100%\";\n\t\tf.style.transition=\"all 0.5s ease\";\n\t\tf.setAttribute(\"aria-label\", 'Agendar Demonstra\u00e7\u00e3o');\n\t\t\n\t\tvar d = document.getElementById(\"zf_div_4bNcNpNtNlXAPemAWLPF5RD8NkM2B3GZjx0JxEfe8wc\");\n\t\td.appendChild(f);\n\t\twindow.addEventListener('message', function (){\n\t\t\tvar evntData = event.data;\n\t\t\tif( evntData && evntData.constructor == String ){\n\t\t\t\tvar zf_ifrm_data = evntData.split(\"|\");\n\t\t\t\tif ( zf_ifrm_data.length == 2 || zf_ifrm_data.length == 3 ) {\n\t\t\t\t\tvar zf_perma = zf_ifrm_data[0];\n\t\t\t\t\tvar zf_ifrm_ht_nw = ( parseInt(zf_ifrm_data[1], 10) + 15 ) + \"px\";\n\t\t\t\t\tvar iframe = document.getElementById(\"zf_div_4bNcNpNtNlXAPemAWLPF5RD8NkM2B3GZjx0JxEfe8wc\").getElementsByTagName(\"iframe\")[0];\n\t\t\t\t\tif ( (iframe.src).indexOf('formperma') > 0 && (iframe.src).indexOf(zf_perma) > 0 ) {\n\t\t\t\t\t\tvar prevIframeHeight = iframe.style.height;\n\t\t\t\t\t\tvar zf_tout = false;\n\t\t\t\t\t\tif( zf_ifrm_data.length == 3 ) {\n\t\t\t\t\t\t    iframe.scrollIntoView();\n\t\t\t\t\t\t    zf_tout = true;\n\t\t\t\t\t\t}\n\n\t\t\t\t\t\tif ( prevIframeHeight != zf_ifrm_ht_nw ) {\n\t\t\t\t\t\t\tif( zf_tout ) {\n\t\t\t\t\t\t\t    setTimeout(function(){\n\t\t\t\t\t\t\t        iframe.style.height = zf_ifrm_ht_nw;\n\t\t\t\t\t\t\t    },500);\n\t\t\t\t\t\t\t} else {\n\t\t\t\t\t\t\t    iframe.style.height = zf_ifrm_ht_nw;\n\t\t\t\t\t\t\t}\n\t\t\t\t\t\t}\n\t\t\t\t\t}\n\t\t\t\t}\n\t\t\t}\n\t\t}, false);\n    }catch(e){}\n})();\n<!-- wpml:html_fragment <\/script> --><\/div>\n\t\t\t<\/div><div id=\"scheduleContent\" class=\"et_pb_module et_d4_element et_pb_code et_pb_code_2  et_pb_text_align_left\">\n\t\t\t\t\n\t\t\t\t\n\t\t\t\t\n\t\t\t\t\n\t\t\t\t<div class=\"et_pb_code_inner\"><strong>Choose the day and time that suits you best<\/strong> and take part in a practical demonstration geared towards your objective. Our team will present the functionalities and define the next steps with you. \n\n<!-- Calendly inline widget begin -->\n<div class=\"calendly-inline-widget\" data-url=\"https:\/\/calendly.com\/nelson-santos-accept\/video-call?hide_event_type_details=1&hide_gdpr_banner=1&text_color=414141&primary_color=a4bc15\" style=\"min-width:80%;height:800px;border-radius:0.5rem;\"><\/div>\n<script type=\"text\/javascript\" src=\"https:\/\/assets.calendly.com\/assets\/external\/widget.js\" async=\"\"><\/script>\n<!-- Calendly inline widget end --><\/div>\n\t\t\t<\/div>\n\t\t\t<\/div>\n\t\t\t\t\n\t\t\t\t\n\t\t\t\t\n\t\t\t\t\n\t\t\t<\/div>\n\t\t\t\t\n\t\t\t\t\n\t\t\t<\/div>\n","protected":false},"excerpt":{"rendered":"","protected":false},"author":1,"featured_media":0,"parent":0,"menu_order":0,"comment_status":"closed","ping_status":"closed","template":"","meta":{"_acf_changed":false,"_et_pb_use_builder":"on","_et_pb_old_content":"","_et_gb_content_width":"","footnotes":""},"class_list":["post-30279","page","type-page","status-publish","hentry"],"acf":[],"_links":{"self":[{"href":"https:\/\/webdev.accept.pt\/en\/wp-json\/wp\/v2\/pages\/30279","targetHints":{"allow":["GET"]}}],"collection":[{"href":"https:\/\/webdev.accept.pt\/en\/wp-json\/wp\/v2\/pages"}],"about":[{"href":"https:\/\/webdev.accept.pt\/en\/wp-json\/wp\/v2\/types\/page"}],"author":[{"embeddable":true,"href":"https:\/\/webdev.accept.pt\/en\/wp-json\/wp\/v2\/users\/1"}],"replies":[{"embeddable":true,"href":"https:\/\/webdev.accept.pt\/en\/wp-json\/wp\/v2\/comments?post=30279"}],"version-history":[{"count":12,"href":"https:\/\/webdev.accept.pt\/en\/wp-json\/wp\/v2\/pages\/30279\/revisions"}],"predecessor-version":[{"id":30936,"href":"https:\/\/webdev.accept.pt\/en\/wp-json\/wp\/v2\/pages\/30279\/revisions\/30936"}],"wp:attachment":[{"href":"https:\/\/webdev.accept.pt\/en\/wp-json\/wp\/v2\/media?parent=30279"}],"curies":[{"name":"wp","href":"https:\/\/api.w.org\/{rel}","templated":true}]}}